{"id":1391,"date":"2020-12-28T11:29:51","date_gmt":"2020-12-28T11:29:51","guid":{"rendered":"https:\/\/viajezapatista.eu\/acerca-de\/"},"modified":"2021-03-17T11:42:58","modified_gmt":"2021-03-17T11:42:58","slug":"acerca-de","status":"publish","type":"page","link":"https:\/\/viajezapatista.eu\/pt-pt\/acerca-de\/","title":{"rendered":"Sobre\u2026"},"content":{"rendered":"\n<div class=\"wp-block-columns\">\n<div class=\"wp-block-column\" style=\"flex-basis:100%\">\n<div class=\"wp-block-cover aligncenter has-background-dim-60 has-background-dim\"><img loading=\"lazy\" width=\"300\" height=\"189\" class=\"wp-block-cover__image-background wp-image-525\" alt=\"\" src=\"https:\/\/viajezapatista.eu\/wp-content\/uploads\/2020\/12\/olasEZLN-300x189.jpg\" data-object-fit=\"cover\" srcset=\"https:\/\/viajezapatista.eu\/wp-content\/uploads\/2020\/12\/olasEZLN-300x189.jpg 300w, https:\/\/viajezapatista.eu\/wp-content\/uploads\/2020\/12\/olasEZLN-1024x646.jpg 1024w, https:\/\/viajezapatista.eu\/wp-content\/uploads\/2020\/12\/olasEZLN-768x485.jpg 768w, https:\/\/viajezapatista.eu\/wp-content\/uploads\/2020\/12\/olasEZLN-1536x969.jpg 1536w, https:\/\/viajezapatista.eu\/wp-content\/uploads\/2020\/12\/olasEZLN-2048x1292.jpg 2048w\" sizes=\"(max-width: 300px) 100vw, 300px\" \/><div class=\"wp-block-cover__inner-container\">\n<p class=\"has-text-align-center has-large-font-size\">\u00a1Bem-vindxs!<\/p>\n\n\n\n<p style=\"font-size:17px\"><strong><strong>Esta \u00e9 a p\u00e1gina oficial da Coordena\u00e7\u00e3o Europeia para a \u00abViagem pela vida\u00bb, na qual uma grande delega\u00e7\u00e3o zapatista percorrer\u00e1 a outra Europa com o objectivo de apoiar\/se encontrar com as lutas abaixo e \u00e0 esquerda. Esta viagem est\u00e1 a ser coordenada por muit@s colectiv@s e pessoas em toda a Europa e M\u00e9xico. <\/strong><\/strong><\/p>\n\n\n\n<p style=\"font-size:17px\"><strong><strong>MUIT@S!<\/strong><\/strong><\/p>\n<\/div><\/div>\n<\/div>\n<\/div>\n\n\n\n<p class=\"has-white-background-color has-background\">Cri\u00e1mos esta p\u00e1gina web para divulgar os comunicados do EZLN e informar sobre os preparativos desta viagem, as convocat\u00f3rias \/a partir de diferentes geografias, os progressos que vamos realizando e os chamamentos para os quais pediremos ades\u00e3o. Tem, para al\u00e9m disso, a finalidade de ser uma plataforma na qual poder\u00e3o propor, unir-vos ou colaborar com esta viagem.<br><br>Xs companheirxs v\u00eam conhecer-nos, apoiar-nos e acompanhar-nos nos nossos territ\u00f3rios para poder dar um empurr\u00e3o \u00e0s lutas abaixo e \u00e0 esquerda. Primeiro na Europa, depois no mundo inteiro.<br><br>Prestem aten\u00e7\u00e3o e poder\u00e3o escutar como o solo ressoa debaixo dos seus p\u00e9s.<\/p>\n\n\n\n<blockquote class=\"wp-block-quote has-text-align-right\"><p>EZLN: \u00abEssa \u00e9 a nossa miss\u00e3o: ser semente que procura outras sementes.\u00bb<\/p><\/blockquote>\n\n\n\n<p><\/p>\n\n\n\n<p><img loading=\"lazy\" width=\"1200\" height=\"675\" class=\"wp-image-470\" style=\"width: 1024px;\" src=\"https:\/\/viajezapatista.eu\/wp-content\/uploads\/2020\/12\/selva-lacandona-1200x675-1.jpeg\" alt=\"\" srcset=\"https:\/\/viajezapatista.eu\/wp-content\/uploads\/2020\/12\/selva-lacandona-1200x675-1.jpeg 1200w, https:\/\/viajezapatista.eu\/wp-content\/uploads\/2020\/12\/selva-lacandona-1200x675-1-300x169.jpeg 300w, https:\/\/viajezapatista.eu\/wp-content\/uploads\/2020\/12\/selva-lacandona-1200x675-1-1024x576.jpeg 1024w, https:\/\/viajezapatista.eu\/wp-content\/uploads\/2020\/12\/selva-lacandona-1200x675-1-768x432.jpeg 768w\" sizes=\"(max-width: 1200px) 100vw, 1200px\" \/><\/p>\n\n\n\n<p class=\"has-white-background-color has-background\"><br><\/p>\n\n\n\n<p class=\"has-white-background-color has-background\"><\/p>\n\n\n\n<p><br><\/p>\n","protected":false},"excerpt":{"rendered":"<p>Cri\u00e1mos esta p\u00e1gina web para divulgar os comunicados do EZLN e informar sobre os preparativos desta viagem, as convocat\u00f3rias \/a partir de diferentes geografias, os progressos que vamos realizando e os chamamentos para os quais pediremos ades\u00e3o. Tem, para al\u00e9m disso, a finalidade de ser uma plataforma na qual poder\u00e3o [&hellip;]<\/p>\n","protected":false},"author":2,"featured_media":0,"parent":0,"menu_order":0,"comment_status":"closed","ping_status":"open","template":"","meta":[],"featured_image_urls":{"full":"","thumbnail":"","medium":"","medium_large":"","large":"","1536x1536":"","2048x2048":"","hestia-blog":""},"post_excerpt_stackable":"<p>\u00a1Bem-vindxs! Esta \u00e9 a p\u00e1gina oficial da Coordena\u00e7\u00e3o Europeia para a \u00abViagem pela vida\u00bb, na qual uma grande delega\u00e7\u00e3o zapatista percorrer\u00e1 a outra Europa com o objectivo de apoiar\/se encontrar com as lutas abaixo e \u00e0 esquerda. Esta viagem est\u00e1 a ser coordenada por muit@s colectiv@s e pessoas em toda a Europa e M\u00e9xico. MUIT@S! Cri\u00e1mos esta p\u00e1gina web para divulgar os comunicados do EZLN e informar sobre os preparativos desta viagem, as convocat\u00f3rias \/a partir de diferentes geografias, os progressos que vamos realizando e os chamamentos para os quais pediremos ades\u00e3o. Tem, para al\u00e9m disso, a finalidade de ser&hellip;<\/p>\n","category_list":"","author_info":{"name":"viajerx","url":"https:\/\/viajezapatista.eu\/pt-pt\/author\/viajero\/"},"comments_num":"0 comments","featured_image_urls_v2":{"full":"","thumbnail":"","medium":"","medium_large":"","large":"","1536x1536":"","2048x2048":"","hestia-blog":""},"post_excerpt_stackable_v2":"<p>\u00a1Bem-vindxs! Esta \u00e9 a p\u00e1gina oficial da Coordena\u00e7\u00e3o Europeia para a \u00abViagem pela vida\u00bb, na qual uma grande delega\u00e7\u00e3o zapatista percorrer\u00e1 a outra Europa com o objectivo de apoiar\/se encontrar com as lutas abaixo e \u00e0 esquerda. Esta viagem est\u00e1 a ser coordenada por muit@s colectiv@s e pessoas em toda a Europa e M\u00e9xico. MUIT@S! Cri\u00e1mos esta p\u00e1gina web para divulgar os comunicados do EZLN e informar sobre os preparativos desta viagem, as convocat\u00f3rias \/a partir de diferentes geografias, os progressos que vamos realizando e os chamamentos para os quais pediremos ades\u00e3o. Tem, para al\u00e9m disso, a finalidade de ser&hellip;<\/p>\n","category_list_v2":"","author_info_v2":{"name":"viajerx","url":"https:\/\/viajezapatista.eu\/pt-pt\/author\/viajero\/"},"comments_num_v2":"0 comments","_links":{"self":[{"href":"https:\/\/viajezapatista.eu\/pt-pt\/wp-json\/wp\/v2\/pages\/1391"}],"collection":[{"href":"https:\/\/viajezapatista.eu\/pt-pt\/wp-json\/wp\/v2\/pages"}],"about":[{"href":"https:\/\/viajezapatista.eu\/pt-pt\/wp-json\/wp\/v2\/types\/page"}],"author":[{"embeddable":true,"href":"https:\/\/viajezapatista.eu\/pt-pt\/wp-json\/wp\/v2\/users\/2"}],"replies":[{"embeddable":true,"href":"https:\/\/viajezapatista.eu\/pt-pt\/wp-json\/wp\/v2\/comments?post=1391"}],"version-history":[{"count":2,"href":"https:\/\/viajezapatista.eu\/pt-pt\/wp-json\/wp\/v2\/pages\/1391\/revisions"}],"predecessor-version":[{"id":1394,"href":"https:\/\/viajezapatista.eu\/pt-pt\/wp-json\/wp\/v2\/pages\/1391\/revisions\/1394"}],"wp:attachment":[{"href":"https:\/\/viajezapatista.eu\/pt-pt\/wp-json\/wp\/v2\/media?parent=1391"}],"curies":[{"name":"wp","href":"https:\/\/api.w.org\/{rel}","templated":true}]}}