{"id":8563,"date":"2021-12-08T13:44:51","date_gmt":"2021-12-08T13:44:51","guid":{"rendered":"https:\/\/viajezapatista.eu\/?page_id=8563"},"modified":"2022-01-17T20:35:50","modified_gmt":"2022-01-17T20:35:50","slug":"prenota-il-tuo-gioco","status":"publish","type":"page","link":"https:\/\/viajezapatista.eu\/it\/prenota-il-tuo-gioco\/","title":{"rendered":"Prenota il tuo gioco (fino al 15\/01\/22)"},"content":{"rendered":"\n<div class=\"wp-block-themeisle-blocks-advanced-columns has-1-columns has-desktop-equal-layout has-tablet-equal-layout has-mobile-equal-layout has-default-gap has-vertical-unset\" id=\"wp-block-themeisle-blocks-advanced-columns-aba13d8d\"><div class=\"wp-block-themeisle-blocks-advanced-columns-overlay\"><\/div><div class=\"innerblocks-wrap\">\n<div class=\"wp-block-themeisle-blocks-advanced-column\" id=\"wp-block-themeisle-blocks-advanced-column-3e31e5e2\">\n<p>Ci dispiace, il termine per prenotare il tuo gioco \u00e8 scaduto. Al momento non sappiamo se si riaprir\u00e0, segui questa pagina o le reti sociali dei gruppi di solidariet\u00e0 italiani per eventuali aggiornamenti. Grazie.<\/p>\n<\/div>\n<\/div><\/div>\n","protected":false},"excerpt":{"rendered":"","protected":false},"author":1,"featured_media":7608,"parent":0,"menu_order":0,"comment_status":"closed","ping_status":"closed","template":"","meta":[],"featured_image_urls":{"full":["https:\/\/viajezapatista.eu\/wp-content\/uploads\/banner_joc-scaled.jpg",2560,512,false],"thumbnail":["https:\/\/viajezapatista.eu\/wp-content\/uploads\/banner_joc-150x150.jpg",150,150,true],"medium":["https:\/\/viajezapatista.eu\/wp-content\/uploads\/banner_joc-300x60.jpg",300,60,true],"medium_large":["https:\/\/viajezapatista.eu\/wp-content\/uploads\/banner_joc-768x154.jpg",750,150,true],"large":["https:\/\/viajezapatista.eu\/wp-content\/uploads\/banner_joc-1024x205.jpg",750,150,true],"1536x1536":["https:\/\/viajezapatista.eu\/wp-content\/uploads\/banner_joc-1536x307.jpg",1536,307,true],"2048x2048":["https:\/\/viajezapatista.eu\/wp-content\/uploads\/banner_joc-2048x410.jpg",2048,410,true],"hestia-blog":["https:\/\/viajezapatista.eu\/wp-content\/uploads\/banner_joc-360x240.jpg",360,240,true]},"post_excerpt_stackable":"<p>Ci dispiace, il termine per prenotare il tuo gioco \u00e8 scaduto. Al momento non sappiamo se si riaprir\u00e0, segui questa pagina o le reti sociali dei gruppi di solidariet\u00e0 italiani per eventuali aggiornamenti. Grazie.<\/p>\n","category_list":"","author_info":{"name":"zapatistas","url":"https:\/\/viajezapatista.eu\/it\/author\/zapatistas\/"},"comments_num":"0 commenti","featured_image_urls_v2":{"full":["https:\/\/viajezapatista.eu\/wp-content\/uploads\/banner_joc-scaled.jpg",2560,512,false],"thumbnail":["https:\/\/viajezapatista.eu\/wp-content\/uploads\/banner_joc-150x150.jpg",150,150,true],"medium":["https:\/\/viajezapatista.eu\/wp-content\/uploads\/banner_joc-300x60.jpg",300,60,true],"medium_large":["https:\/\/viajezapatista.eu\/wp-content\/uploads\/banner_joc-768x154.jpg",750,150,true],"large":["https:\/\/viajezapatista.eu\/wp-content\/uploads\/banner_joc-1024x205.jpg",750,150,true],"1536x1536":["https:\/\/viajezapatista.eu\/wp-content\/uploads\/banner_joc-1536x307.jpg",1536,307,true],"2048x2048":["https:\/\/viajezapatista.eu\/wp-content\/uploads\/banner_joc-2048x410.jpg",2048,410,true],"hestia-blog":["https:\/\/viajezapatista.eu\/wp-content\/uploads\/banner_joc-360x240.jpg",360,240,true]},"post_excerpt_stackable_v2":"<p>Ci dispiace, il termine per prenotare il tuo gioco \u00e8 scaduto. Al momento non sappiamo se si riaprir\u00e0, segui questa pagina o le reti sociali dei gruppi di solidariet\u00e0 italiani per eventuali aggiornamenti. Grazie.<\/p>\n","category_list_v2":"","author_info_v2":{"name":"zapatistas","url":"https:\/\/viajezapatista.eu\/it\/author\/zapatistas\/"},"comments_num_v2":"0 commenti","_links":{"self":[{"href":"https:\/\/viajezapatista.eu\/it\/wp-json\/wp\/v2\/pages\/8563"}],"collection":[{"href":"https:\/\/viajezapatista.eu\/it\/wp-json\/wp\/v2\/pages"}],"about":[{"href":"https:\/\/viajezapatista.eu\/it\/wp-json\/wp\/v2\/types\/page"}],"author":[{"embeddable":true,"href":"https:\/\/viajezapatista.eu\/it\/wp-json\/wp\/v2\/users\/1"}],"replies":[{"embeddable":true,"href":"https:\/\/viajezapatista.eu\/it\/wp-json\/wp\/v2\/comments?post=8563"}],"version-history":[{"count":4,"href":"https:\/\/viajezapatista.eu\/it\/wp-json\/wp\/v2\/pages\/8563\/revisions"}],"predecessor-version":[{"id":9001,"href":"https:\/\/viajezapatista.eu\/it\/wp-json\/wp\/v2\/pages\/8563\/revisions\/9001"}],"wp:featuredmedia":[{"embeddable":true,"href":"https:\/\/viajezapatista.eu\/it\/wp-json\/wp\/v2\/media\/7608"}],"wp:attachment":[{"href":"https:\/\/viajezapatista.eu\/it\/wp-json\/wp\/v2\/media?parent=8563"}],"curies":[{"name":"wp","href":"https:\/\/api.w.org\/{rel}","templated":true}]}}