{"id":7618,"date":"2021-06-16T18:55:54","date_gmt":"2021-06-16T18:55:54","guid":{"rendered":"https:\/\/viajezapatista.eu\/?page_id=7618"},"modified":"2022-01-21T17:11:51","modified_gmt":"2022-01-21T17:11:51","slug":"autonomia-zapatista-juego","status":"publish","type":"page","link":"https:\/\/viajezapatista.eu\/es\/autonomia-zapatista-juego\/","title":{"rendered":"Juego de mesa AUTONOM\u00cdA ZAPATISTA"},"content":{"rendered":"\n<p><\/p>\n\n\n\n<div class=\"wp-block-themeisle-blocks-advanced-columns has-1-columns has-desktop-equal-layout has-tablet-equal-layout has-mobile-equal-layout has-default-gap has-vertical-unset\" id=\"wp-block-themeisle-blocks-advanced-columns-b458d012\"><div class=\"wp-block-themeisle-blocks-advanced-columns-overlay\"><\/div><div class=\"innerblocks-wrap\">\n<div class=\"wp-block-themeisle-blocks-advanced-column\" id=\"wp-block-themeisle-blocks-advanced-column-6e69ead8\">\n<figure class=\"wp-block-image size-large is-style-default\"><img loading=\"lazy\" width=\"1024\" height=\"205\" src=\"https:\/\/viajezapatista.eu\/wp-content\/uploads\/banner_joc-1024x205.jpg\" alt=\"\" class=\"wp-image-7608\" srcset=\"https:\/\/viajezapatista.eu\/wp-content\/uploads\/banner_joc-1024x205.jpg 1024w, https:\/\/viajezapatista.eu\/wp-content\/uploads\/banner_joc-300x60.jpg 300w, https:\/\/viajezapatista.eu\/wp-content\/uploads\/banner_joc-768x154.jpg 768w, https:\/\/viajezapatista.eu\/wp-content\/uploads\/banner_joc-1536x307.jpg 1536w, https:\/\/viajezapatista.eu\/wp-content\/uploads\/banner_joc-2048x410.jpg 2048w\" sizes=\"(max-width: 1024px) 100vw, 1024px\" \/><\/figure>\n<\/div>\n<\/div><\/div>\n\n\n\n<p>AUTONOM\u00cdA ZAPATISTA es un juego de mesa colaborativo. Quienes juegan deber\u00e1n colaborar para construir la autonom\u00eda en un territorio zapatista, consiguiendo las 13 demandas y siguiendo los 7 principios del mandar obedeciendo.<\/p>\n\n\n\n<p>Se recomienda que jueguen de 2 a 6 personas, aunque pueden jugar todas las personas que quieran.<\/p>\n\n\n\n<p>Recomendado para personas de m\u00e1s de 10 a\u00f1os.<\/p>\n\n\n\n<p>Duraci\u00f3n de cada partida: 30-45 minutos<\/p>\n\n\n\n<p>V\u00eddeo instrucciones:<\/p>\n\n\n\n<figure class=\"wp-block-embed is-type-video is-provider-youtube wp-block-embed-youtube wp-embed-aspect-16-9 wp-has-aspect-ratio\"><div class=\"wp-block-embed__wrapper\">\n<iframe loading=\"lazy\" title=\"AUTONOMIA ZAPATISTA juego de mesa C\u00d3MO JUGAR\" width=\"750\" height=\"422\" src=\"https:\/\/www.youtube.com\/embed\/CJ65enrBDHI?feature=oembed\" frameborder=\"0\" allow=\"accelerometer; autoplay; clipboard-write; encrypted-media; gyroscope; picture-in-picture\" allowfullscreen><\/iframe>\n<\/div><\/figure>\n\n\n\n<p>Descarga las instrucciones del juego:<\/p>\n\n\n\n<ul><li><a href=\"https:\/\/viajezapatista.eu\/wp-content\/uploads\/Espanol.pdf\" target=\"_blank\" rel=\"noreferrer noopener\">Espa\u00f1ol<\/a><\/li><li><a href=\"https:\/\/viajezapatista.eu\/wp-content\/uploads\/Catala.pdf\" target=\"_blank\" rel=\"noreferrer noopener\">Catal\u00e0<\/a><\/li><li><a href=\"https:\/\/viajezapatista.eu\/wp-content\/uploads\/Checo.pdf\" target=\"_blank\" rel=\"noreferrer noopener\">\u010ce\u0161tina (Checo)<\/a><\/li><li><a href=\"https:\/\/viajezapatista.eu\/wp-content\/uploads\/Aleman.pdf\" target=\"_blank\" rel=\"noreferrer noopener\">Deutsch(Alem\u00e1n)<\/a><\/li><li><a href=\"https:\/\/viajezapatista.eu\/wp-content\/uploads\/Ingles.pdf\" target=\"_blank\" rel=\"noreferrer noopener\">English<\/a><\/li><li><a href=\"https:\/\/viajezapatista.eu\/wp-content\/uploads\/Euskara.pdf\" target=\"_blank\" rel=\"noreferrer noopener\" title=\"https:\/\/viajezapatista.eu\/wp-content\/uploads\/Ingles.pdf\">Euskara<\/a><\/li><li><a href=\"https:\/\/viajezapatista.eu\/wp-content\/uploads\/Frances.pdf\" target=\"_blank\" rel=\"noreferrer noopener\">Fran\u00e7ais<\/a><\/li><li><a href=\"https:\/\/viajezapatista.eu\/wp-content\/uploads\/Galego.pdf\" target=\"_blank\" rel=\"noreferrer noopener\">Galego<\/a><\/li><li><a href=\"https:\/\/viajezapatista.eu\/wp-content\/uploads\/Griego.pdf\" target=\"_blank\" rel=\"noreferrer noopener\">\u0395\u03bb\u03bb\u03b7\u03bd\u03b9\u03ba\u03ac(Griego)<\/a><\/li><li><a href=\"https:\/\/viajezapatista.eu\/wp-content\/uploads\/Italiano.pdf\" target=\"_blank\" rel=\"noreferrer noopener\">Italiano<\/a><\/li><li><a href=\"https:\/\/viajezapatista.eu\/wp-content\/uploads\/Nerlandes.pdf\" target=\"_blank\" rel=\"noreferrer noopener\">Nederlands<\/a><\/li><li><a href=\"https:\/\/viajezapatista.eu\/wp-content\/uploads\/Noruego.pdf\" target=\"_blank\" rel=\"noreferrer noopener\">Norks (Noruego)<\/a><\/li><li><a href=\"https:\/\/viajezapatista.eu\/wp-content\/uploads\/Polaco.pdf\" target=\"_blank\" rel=\"noreferrer noopener\">Polski(Polaco)<\/a><\/li><li><a href=\"https:\/\/viajezapatista.eu\/wp-content\/uploads\/Portugues.pdf\" target=\"_blank\" rel=\"noreferrer noopener\">Portugu\u00eas<\/a><\/li><li><a href=\"https:\/\/viajezapatista.eu\/wp-content\/uploads\/Ruso.pdf\" target=\"_blank\" rel=\"noreferrer noopener\">\u0440\u0443\u0441\u0441\u043a\u0438\u0439(Ruso)<\/a><\/li><li><a href=\"https:\/\/viajezapatista.eu\/wp-content\/uploads\/Sueco.pdf\" target=\"_blank\" rel=\"noreferrer noopener\">Svenska(Sueco)<\/a><\/li><li><a href=\"https:\/\/viajezapatista.eu\/wp-content\/uploads\/Fines.pdf\" target=\"_blank\" rel=\"noreferrer noopener\">Suomi(Fin\u00e9s)<\/a><\/li><\/ul>\n\n\n\n<p>Este juego ha sido creado para recaudar fondos para que la Gira por la Vida sea posible.<\/p>\n\n\n\n<p><\/p>\n","protected":false},"excerpt":{"rendered":"<p>AUTONOM\u00cdA ZAPATISTA es un juego de mesa colaborativo. Quienes juegan deber\u00e1n colaborar para construir la autonom\u00eda en un territorio zapatista, consiguiendo las 13 demandas y siguiendo los 7 principios del mandar obedeciendo. Se recomienda que jueguen de 2 a 6 personas, aunque pueden jugar todas las personas que quieran. Recomendado [&hellip;]<\/p>\n","protected":false},"author":3,"featured_media":7608,"parent":0,"menu_order":0,"comment_status":"closed","ping_status":"closed","template":"","meta":[],"featured_image_urls":{"full":["https:\/\/viajezapatista.eu\/wp-content\/uploads\/banner_joc-scaled.jpg",2560,512,false],"thumbnail":["https:\/\/viajezapatista.eu\/wp-content\/uploads\/banner_joc-150x150.jpg",150,150,true],"medium":["https:\/\/viajezapatista.eu\/wp-content\/uploads\/banner_joc-300x60.jpg",300,60,true],"medium_large":["https:\/\/viajezapatista.eu\/wp-content\/uploads\/banner_joc-768x154.jpg",750,150,true],"large":["https:\/\/viajezapatista.eu\/wp-content\/uploads\/banner_joc-1024x205.jpg",750,150,true],"1536x1536":["https:\/\/viajezapatista.eu\/wp-content\/uploads\/banner_joc-1536x307.jpg",1536,307,true],"2048x2048":["https:\/\/viajezapatista.eu\/wp-content\/uploads\/banner_joc-2048x410.jpg",2048,410,true],"hestia-blog":["https:\/\/viajezapatista.eu\/wp-content\/uploads\/banner_joc-360x240.jpg",360,240,true]},"post_excerpt_stackable":"<p>AUTONOM\u00cdA ZAPATISTA es un juego de mesa colaborativo. Quienes juegan deber\u00e1n colaborar para construir la autonom\u00eda en un territorio zapatista, consiguiendo las 13 demandas y siguiendo los 7 principios del mandar obedeciendo. Se recomienda que jueguen de 2 a 6 personas, aunque pueden jugar todas las personas que quieran. Recomendado para personas de m\u00e1s de 10 a\u00f1os. Duraci\u00f3n de cada partida: 30-45 minutos V\u00eddeo instrucciones: Descarga las instrucciones del juego: Espa\u00f1olCatal\u00e0\u010ce\u0161tina (Checo)Deutsch(Alem\u00e1n)EnglishEuskaraFran\u00e7aisGalego\u0395\u03bb\u03bb\u03b7\u03bd\u03b9\u03ba\u03ac(Griego)ItalianoNederlandsNorks (Noruego)Polski(Polaco)Portugu\u00eas\u0440\u0443\u0441\u0441\u043a\u0438\u0439(Ruso)Svenska(Sueco)Suomi(Fin\u00e9s) Este juego ha sido creado para recaudar fondos para que la Gira por la Vida sea posible.<\/p>\n","category_list":"","author_info":{"name":"kapis_editor_test","url":"https:\/\/viajezapatista.eu\/es\/author\/kapis_editor_test\/"},"comments_num":"0 comentarios","featured_image_urls_v2":{"full":["https:\/\/viajezapatista.eu\/wp-content\/uploads\/banner_joc-scaled.jpg",2560,512,false],"thumbnail":["https:\/\/viajezapatista.eu\/wp-content\/uploads\/banner_joc-150x150.jpg",150,150,true],"medium":["https:\/\/viajezapatista.eu\/wp-content\/uploads\/banner_joc-300x60.jpg",300,60,true],"medium_large":["https:\/\/viajezapatista.eu\/wp-content\/uploads\/banner_joc-768x154.jpg",750,150,true],"large":["https:\/\/viajezapatista.eu\/wp-content\/uploads\/banner_joc-1024x205.jpg",750,150,true],"1536x1536":["https:\/\/viajezapatista.eu\/wp-content\/uploads\/banner_joc-1536x307.jpg",1536,307,true],"2048x2048":["https:\/\/viajezapatista.eu\/wp-content\/uploads\/banner_joc-2048x410.jpg",2048,410,true],"hestia-blog":["https:\/\/viajezapatista.eu\/wp-content\/uploads\/banner_joc-360x240.jpg",360,240,true]},"post_excerpt_stackable_v2":"<p>AUTONOM\u00cdA ZAPATISTA es un juego de mesa colaborativo. Quienes juegan deber\u00e1n colaborar para construir la autonom\u00eda en un territorio zapatista, consiguiendo las 13 demandas y siguiendo los 7 principios del mandar obedeciendo. Se recomienda que jueguen de 2 a 6 personas, aunque pueden jugar todas las personas que quieran. Recomendado para personas de m\u00e1s de 10 a\u00f1os. Duraci\u00f3n de cada partida: 30-45 minutos V\u00eddeo instrucciones: Descarga las instrucciones del juego: Espa\u00f1olCatal\u00e0\u010ce\u0161tina (Checo)Deutsch(Alem\u00e1n)EnglishEuskaraFran\u00e7aisGalego\u0395\u03bb\u03bb\u03b7\u03bd\u03b9\u03ba\u03ac(Griego)ItalianoNederlandsNorks (Noruego)Polski(Polaco)Portugu\u00eas\u0440\u0443\u0441\u0441\u043a\u0438\u0439(Ruso)Svenska(Sueco)Suomi(Fin\u00e9s) Este juego ha sido creado para recaudar fondos para que la Gira por la Vida sea posible.<\/p>\n","category_list_v2":"","author_info_v2":{"name":"kapis_editor_test","url":"https:\/\/viajezapatista.eu\/es\/author\/kapis_editor_test\/"},"comments_num_v2":"0 comentarios","_links":{"self":[{"href":"https:\/\/viajezapatista.eu\/es\/wp-json\/wp\/v2\/pages\/7618"}],"collection":[{"href":"https:\/\/viajezapatista.eu\/es\/wp-json\/wp\/v2\/pages"}],"about":[{"href":"https:\/\/viajezapatista.eu\/es\/wp-json\/wp\/v2\/types\/page"}],"author":[{"embeddable":true,"href":"https:\/\/viajezapatista.eu\/es\/wp-json\/wp\/v2\/users\/3"}],"replies":[{"embeddable":true,"href":"https:\/\/viajezapatista.eu\/es\/wp-json\/wp\/v2\/comments?post=7618"}],"version-history":[{"count":31,"href":"https:\/\/viajezapatista.eu\/es\/wp-json\/wp\/v2\/pages\/7618\/revisions"}],"predecessor-version":[{"id":9002,"href":"https:\/\/viajezapatista.eu\/es\/wp-json\/wp\/v2\/pages\/7618\/revisions\/9002"}],"wp:featuredmedia":[{"embeddable":true,"href":"https:\/\/viajezapatista.eu\/es\/wp-json\/wp\/v2\/media\/7608"}],"wp:attachment":[{"href":"https:\/\/viajezapatista.eu\/es\/wp-json\/wp\/v2\/media?parent=7618"}],"curies":[{"name":"wp","href":"https:\/\/api.w.org\/{rel}","templated":true}]}}