{"id":7545,"date":"2021-06-14T15:55:02","date_gmt":"2021-06-14T15:55:02","guid":{"rendered":"https:\/\/viajezapatista.eu\/?page_id=7545"},"modified":"2021-06-18T10:34:17","modified_gmt":"2021-06-18T10:34:17","slug":"mujeres-otroas","status":"publish","type":"page","link":"https:\/\/viajezapatista.eu\/es\/mujeres-otroas\/","title":{"rendered":"Mujeres y Otroas"},"content":{"rendered":"\n<div class=\"wp-block-themeisle-blocks-advanced-columns has-1-columns has-desktop-equal-layout has-tablet-equal-layout has-mobile-equal-layout has-default-gap has-vertical-unset\" id=\"wp-block-themeisle-blocks-advanced-columns-e6e1b79d\"><div class=\"wp-block-themeisle-blocks-advanced-columns-overlay\"><\/div><div class=\"innerblocks-wrap\">\n<div class=\"wp-block-themeisle-blocks-advanced-column\" id=\"wp-block-themeisle-blocks-advanced-column-fee7eeef\"><ul class=\"wp-block-latest-posts__list is-grid columns-3 aligncenter wp-block-latest-posts\"><li><div class=\"wp-block-latest-posts__featured-image\"><img width=\"725\" height=\"1024\" src=\"https:\/\/viajezapatista.eu\/wp-content\/uploads\/cartelnuevasfechas-725x1024.jpeg\" class=\"attachment-large size-large wp-post-image\" alt=\"\" loading=\"lazy\" style=\"\" srcset=\"https:\/\/viajezapatista.eu\/wp-content\/uploads\/cartelnuevasfechas-725x1024.jpeg 725w, https:\/\/viajezapatista.eu\/wp-content\/uploads\/cartelnuevasfechas-212x300.jpeg 212w, https:\/\/viajezapatista.eu\/wp-content\/uploads\/cartelnuevasfechas-768x1085.jpeg 768w, https:\/\/viajezapatista.eu\/wp-content\/uploads\/cartelnuevasfechas.jpeg 906w\" sizes=\"(max-width: 725px) 100vw, 725px\" \/><\/div><a href=\"https:\/\/viajezapatista.eu\/es\/convocatoria-para-propuestas-para-la-agenda-politico-cultural-del-encuentro-de-mujeres-personas-trans-inter-y-no-binarias\/\">[CAMBIO DE FECHA] Encuentro europeo de mujeres, personas trans, inter, no binarias.<\/a><div class=\"wp-block-latest-posts__post-excerpt\">Ante el arribo por v\u00eda a\u00e9rea en las mismas fechas de la gran Delegaci\u00f3n Zapatista- CNI-FPDTMPT a Francia, informamos que la fecha del Encuentro europeo de mujeres, personas trans, inter, no binarias ha cambiado.Sentimos tener estas noticias de cambio de fecha y esperamos que no supongan una dificultad insalvable. Info [&hellip;]<\/div><\/li>\n<\/ul><\/div>\n<\/div><\/div>\n","protected":false},"excerpt":{"rendered":"","protected":false},"author":1,"featured_media":0,"parent":0,"menu_order":0,"comment_status":"closed","ping_status":"closed","template":"","meta":[],"featured_image_urls":{"full":"","thumbnail":"","medium":"","medium_large":"","large":"","1536x1536":"","2048x2048":"","hestia-blog":""},"post_excerpt_stackable":"<p>[CAMBIO DE FECHA] Encuentro europeo de mujeres, personas trans, inter, no binarias.Ante el arribo por v\u00eda a\u00e9rea en las mismas fechas de la gran Delegaci\u00f3n Zapatista- CNI-FPDTMPT a Francia, informamos que la fecha del Encuentro europeo de mujeres, personas trans, inter, no binarias ha cambiado.Sentimos tener estas noticias de cambio de fecha y esperamos que no supongan una dificultad insalvable. Info [&hellip;]<\/p>\n","category_list":"","author_info":{"name":"zapatistas","url":"https:\/\/viajezapatista.eu\/es\/author\/zapatistas\/"},"comments_num":"0 comentarios","featured_image_urls_v2":{"full":"","thumbnail":"","medium":"","medium_large":"","large":"","1536x1536":"","2048x2048":"","hestia-blog":""},"post_excerpt_stackable_v2":"<p>[CAMBIO DE FECHA] Encuentro europeo de mujeres, personas trans, inter, no binarias.Ante el arribo por v\u00eda a\u00e9rea en las mismas fechas de la gran Delegaci\u00f3n Zapatista- CNI-FPDTMPT a Francia, informamos que la fecha del Encuentro europeo de mujeres, personas trans, inter, no binarias ha cambiado.Sentimos tener estas noticias de cambio de fecha y esperamos que no supongan una dificultad insalvable. Info [&hellip;]<\/p>\n","category_list_v2":"","author_info_v2":{"name":"zapatistas","url":"https:\/\/viajezapatista.eu\/es\/author\/zapatistas\/"},"comments_num_v2":"0 comentarios","_links":{"self":[{"href":"https:\/\/viajezapatista.eu\/es\/wp-json\/wp\/v2\/pages\/7545"}],"collection":[{"href":"https:\/\/viajezapatista.eu\/es\/wp-json\/wp\/v2\/pages"}],"about":[{"href":"https:\/\/viajezapatista.eu\/es\/wp-json\/wp\/v2\/types\/page"}],"author":[{"embeddable":true,"href":"https:\/\/viajezapatista.eu\/es\/wp-json\/wp\/v2\/users\/1"}],"replies":[{"embeddable":true,"href":"https:\/\/viajezapatista.eu\/es\/wp-json\/wp\/v2\/comments?post=7545"}],"version-history":[{"count":3,"href":"https:\/\/viajezapatista.eu\/es\/wp-json\/wp\/v2\/pages\/7545\/revisions"}],"predecessor-version":[{"id":7682,"href":"https:\/\/viajezapatista.eu\/es\/wp-json\/wp\/v2\/pages\/7545\/revisions\/7682"}],"wp:attachment":[{"href":"https:\/\/viajezapatista.eu\/es\/wp-json\/wp\/v2\/media?parent=7545"}],"curies":[{"name":"wp","href":"https:\/\/api.w.org\/{rel}","templated":true}]}}