{"id":7275,"date":"2021-06-02T16:00:52","date_gmt":"2021-06-02T16:00:52","guid":{"rendered":"https:\/\/viajezapatista.eu\/firmantes_denuncia_jalisco\/"},"modified":"2021-06-02T16:00:52","modified_gmt":"2021-06-02T16:00:52","slug":"firmantes_denuncia_jalisco","status":"publish","type":"page","link":"https:\/\/viajezapatista.eu\/es\/firmantes_denuncia_jalisco\/","title":{"rendered":"Firmantes Denuncia Jalisco"},"content":{"rendered":"\n<div class=\"wp-block-themeisle-blocks-advanced-columns has-undefined-columns has-desktop-undefined-layout has-tablet-equal-layout has-mobile-equal-layout has-default-gap has-vertical-unset\" id=\"wp-block-themeisle-blocks-advanced-columns-5ee318ca\"><div class=\"wp-block-themeisle-blocks-advanced-columns-overlay\"><\/div><div class=\"innerblocks-wrap\"><\/div><\/div>\n\n\n\n<pre id=\"block-2d611415-4eb2-4357-af32-9dfdf4adc95f\" class=\"wp-block-preformatted\">RUSIA<br>Centro de apoyo a los pueblos ind\u00edgenas del norte<br>Foro Aborigen, foro de mujeres s\u00e1mi&nbsp;<br>Pueblos ind\u00edgenas de Siberia<br>Cooperativa Molotov&nbsp;&nbsp;<br><br><br>AUSTRIA<br>Colectivo Kinoki Autogesti<br><br><br>SUIZA<br>Colectivo de Ginebra por la Huelga Feminista<br>Huelga del clima y colectivo 8 marzo para un femismo revolucionario - Ginebra<br>Boque Feminista Abya Yala&nbsp;<br>Transfronterizas Feministas; Grupo Internacional para la Huelga en Suiza 14Junio&nbsp;<br>Rojo en Tamboreras de Suiza&nbsp;&nbsp;&nbsp;&nbsp;&nbsp;&nbsp;&nbsp;&nbsp;<br>Barfuss Kollektiv, Basilea, Luzerna, Lugano, Z\u00farich.&nbsp;<br>Solidaridad directa con Chiapas, Z\u00fcrich<br>Encuentro Feminista Zapatista, Basel-Z\u00fcrich<br>&nbsp;&nbsp;&nbsp;&nbsp;&nbsp;&nbsp;&nbsp;&nbsp;<br>ALEMANIA<br>Comit\u00e9 Jineoloji Europa<br>Grupo B.A.S.T.A.<br>Bloque Latinoamericano Berl\u00edn \/ Coordinaci\u00f3n delegaci\u00f3n zapatista (Berl\u00edn, Alemania)<br>Convocatorias ciudadanas<br>PIRATA&nbsp;<br>Red Ya-Basta-Netz<br>Ya Basta Wendland<br>Citizens Summons<br>Kaffeekollektiv Aroma Zapatista<br>Caf\u00e9 Libertad Kollektiv<br>Barfuss Kollektiv<br><br><br>DINAMARCA<br>Foro Internacional, Grupo M\u00e9xico (Dinamarca)&nbsp;<br><br><br>FRANCIA<br>Mut-Vitz 34 del ESCARGOT rojo&nbsp;&nbsp;&nbsp;&nbsp;&nbsp;&nbsp;&nbsp;&nbsp;<br>Colectivo Par\u00eds ayotzinapa<br>CSPCL (Par\u00eds)&nbsp;&nbsp;&nbsp;&nbsp;&nbsp;&nbsp;&nbsp;&nbsp;<br>MutzVitz13 Marsella&nbsp;&nbsp;&nbsp;&nbsp;&nbsp;&nbsp;&nbsp;&nbsp;<br>Union Syndicale Solidaires&nbsp;<br>Asociaci\u00f3n Espoir Chiapas \/ Esperanza Chiapas<br>El Cambuche de Toulouse<br>Americasol (Red Escargot)<br>Union Communiste Libertaire<br>Printemps du Changement<br>Terra Libra \/ Bretagne<br>Ingalan \/ Bretagne<br>Colectivo Granos de arena<br>Colectivo Causeries Populaires<br>Colectivo Chiapas-Ari\u00e8ge, Francia<br><br><br>GRECIA<br>Asamblea Libertaria Autoorganizada Paliacate Zapatista&nbsp;<br>Chispa de Solidaridad con l @ s Zapatistas<br>Colectivo Calendario Zapatista<br>Espiral de solidaridad-semilla de resistencia&nbsp;<br>Editorial de Extranjer@s, Grecia<br>Coordinaci\u00f3n de la ciudad de \u039aalamata para el viaje de l@s zapatistas a Europa (Grecia)<br>Coordinaci\u00f3n de&nbsp; Peloponeso por el viaje zapatista (Grecia) .<br>Colectivo libertario Fiore Nero (Grecia)<br>Odo, Colectivo Libertario (Grecia)<br>Colectivo autoorganizado \"Nosotr@s\" (Grecia)<br>Asociaci\u00f3n Cultural Ambiental de la pen\u00ednsula de Mani - PERI.POL.O MANIS, Peloponeso&nbsp; (Grecia)<br>Iniciativa Libertaria \u201c\u00c1gria Neda\u201d(Grecia)<br>Movimiento Antifascista de Kalamata (Grecia)<br>Movimiento Antiautoritario de Tesal\u00f3nica (Grecia)<br>Acci\u00f3n Alternativa para la Calidad de Vida (Grecia)<br>Grupo de Salud Mental -\u00ac Covid19: Solidaridad de Tesal\u00f3nica (Grecia)<br>Cooperativa de Comercio Solidario \"Syn Allois\"<br><br>ITALIA<br>20ZLN - LAPAZ&nbsp;<br>Colectivo zapatista de lugano - el pirata&nbsp;<br>Comitato Chiapas \"Maribel\" -B\u00e9rgamo, LAPAZ&nbsp;<br>Comitato NO TAV Lavis, Trento, Rovereto&nbsp;<br>Cooperazione Rebelde Napoli - LAPAZ&nbsp;<br>Nodo solidale y la pirata, LAPAZ&nbsp;<br>Tatawelo \/ RedProZapa&nbsp; \/&nbsp;&nbsp; LAPAZ&nbsp;&nbsp;&nbsp;<br>Ya Basta Bolonia - LAPAZ&nbsp;<br>Ya Basta Padova - LAPAZ&nbsp;<br>Ya Basta Roma - LAPAZ&nbsp;<br>\u00a1Ya Basta! Roma LAPAZ&nbsp;&nbsp;<br>Ya basta! \u00cad\u00ee bese! - LAPAZ<br>Associazione Ya Basta! Milano - LAPAZ&nbsp;<br>Csa Intifada\/Comunit\u00e0 in Resistenza Empoli<br><br>ESTADO ESPA\u00d1OL<br>Frente Sur (Andaluc\u00eda)<br>Lumaltik (Arag\u00f3n)<br>CNT Comarcal Sur Madrid<br>CNT Extremadura<br>Comit\u00e9 de Solidaridad con los pueblos_Interpueblos Cantabria<br>Centro de Documentaci\u00f3n sobre Zapatismo - Cedoz- Madrid.<br>Confederaci\u00f3n General del Trabajo (CGT).&nbsp;&nbsp;&nbsp;&nbsp;&nbsp;<br>Equipo Apoyo Independientes Madrid<br>Y Retiemble. Madrid,&nbsp;<br>Assemblea de Solidaritat amb M\u00e8xic ASMEX (Valencia)<br>Caf\u00e9 Rebeld\u00eda (Olba) Teruel<br>ASSI - Accion Social Sindical Internacionalista. Arag\u00f3n<br>C\u00e1mara Negra. Colectivo de cine libertario (Madrid)<br>Caracol Gredos (Valle del Tietar)<br>Comit\u00e9 de Solidaridad con Am\u00e9rica Latina COSAL Asturias<br>Entrepueblos, Entrepobles, Entrepobos, Herriarte<br>CNT Fraga<br>Centro de Estudios Libertarios Jos\u00e9 Alberola de Fraga&nbsp;<br>CNT M\u00e1laga<br>Assemblea de Solidaritat amb M\u00e8xic de Val\u00e8ncia<br>CNT Miranda de ebro<br>KOMUN ORG<br>Voces en lucha&nbsp;<br>CNT Sierra Norte<br>Asamblea Plaza de los Pueblos<br>Caracol Tetu\u00e1n<br>CSOA La Enredadera de Tetu\u00e1n<br>Mujeres Sembrando (M\u00e9rida, ExtremadurA)<br>CNT&nbsp; Colmenar Viejo<br>Asemblea galega de apoio \u00e1 Xira pola Vida<br>Comit\u00e8 Acollida Zapatistes - Illes Balears i Piti\u00fcses<br>ROJAVA AZADI MADRID.<br>WOMEN DEFEND ROJAVA MADRID<br>Fraguas Revive<br>Observatorio Independiente de DDHH en salud mental<br>MIRADAS, CARACOL MADRIZ&nbsp;<br>Algrano Extremadura (medios libres)<br>Ecologistas en Acci\u00f3n Badajoz<br>Comit\u00e8 Acollida Zapatistes - Illes Balears i Piti\u00fcses<br><br>CATALUNYA<br>Adherentes a la Sexta (Barcelona)<br>Adhesiva Barcelona&nbsp;<br>Caf\u00e8 Rebeld\u00eda \u2013 Infoespai (Barcelona)<br>La Garriga Societat Civil<br>Associaci\u00f3 Cultural el Raval-El Lokal<br>Grup de consum agroecol\u00f2gic Pinyol Vermell<br>Ateneu La Torna<br>Cal Cases<br>Entrepobles<br>CNT C\u00f2rnella<br>El Grillo Libertario<br>CNT Premia<br>Colectivo Maloka<br><br>INGLATERRA&nbsp;<br>Grupo de Solidaridad de Londres&nbsp;<br>Grupo de Solidaridad de Manchester y Liverpool&nbsp;<br>Kurdish solidarity network&nbsp;<br>Next to Nowhere Liverpool&nbsp;&nbsp;&nbsp;&nbsp;&nbsp;&nbsp;&nbsp;&nbsp;<br>UNDOD (Wales) and Coordinadora North<br><br>IRLANDA<br>Coordinadora Norte&nbsp;<br><br>B\u00c9LGICA<br>Congreso nacional de Kurdistan (Belgica)<br>CafeZ<br>Casa Nicaragua<br>RAZB<br>Kawaz<br><br>CHIPRE<br>Colectivo Ramona<br><br>ESCOCIA&nbsp;<br>Coordinadora North (Escocia)<br><br>FINLANDIA&nbsp;<br>Colectivo Armadillo<br><br>NORUEGA<br>LAG&nbsp;<br><br>EUSKAL HERRIA<br>Bizilur&nbsp;<br>GABILTZA<br>Lumaltik Herriak<br>Paz y Solidaridad Euskadi<br>TxiapasEKIN&nbsp;<br>Zabaldi&nbsp;<br>Zapatisten Lagunak&nbsp;<br>EskoZap<br>Erletxe<br><br>REP\u00daBLICA CHECA<br>Cooperativa Black Seeds<br><br>VARIOS PA\u00cdSES<br>Longo Ma\u00ef<br>Movimiento Kurdist\u00e1n en Espa\u00f1a y Portugal<br>Mujeres y disidencias de la Sexta en la Otra Europa y Abya Yala<br>Taller Ahuehuete&nbsp;<br><br><br>SIN ESPECIFICAR PA\u00cdS<br>Movimiento Mujeres Kurdistan<\/pre>\n","protected":false},"excerpt":{"rendered":"<p>RUSIACentro de apoyo a los pueblos ind\u00edgenas del norteForo Aborigen, foro de mujeres s\u00e1mi&nbsp;Pueblos ind\u00edgenas de SiberiaCooperativa Molotov&nbsp;&nbsp;AUSTRIAColectivo Kinoki AutogestiSUIZAColectivo de Ginebra por la Huelga FeministaHuelga del clima y colectivo 8 marzo para un femismo revolucionario &#8211; GinebraBoque Feminista Abya Yala&nbsp;Transfronterizas Feministas; Grupo Internacional para la Huelga en Suiza 14Junio&nbsp;Rojo [&hellip;]<\/p>\n","protected":false},"author":3,"featured_media":0,"parent":0,"menu_order":0,"comment_status":"closed","ping_status":"closed","template":"","meta":[],"featured_image_urls":{"full":"","thumbnail":"","medium":"","medium_large":"","large":"","1536x1536":"","2048x2048":"","hestia-blog":""},"post_excerpt_stackable":"<p>RUSIACentro de apoyo a los pueblos ind\u00edgenas del norteForo Aborigen, foro de mujeres s\u00e1mi&nbsp;Pueblos ind\u00edgenas de SiberiaCooperativa Molotov&nbsp;&nbsp;AUSTRIAColectivo Kinoki AutogestiSUIZAColectivo de Ginebra por la Huelga FeministaHuelga del clima y colectivo 8 marzo para un femismo revolucionario &#8211; GinebraBoque Feminista Abya Yala&nbsp;Transfronterizas Feministas; Grupo Internacional para la Huelga en Suiza 14Junio&nbsp;Rojo en Tamboreras de Suiza&nbsp;&nbsp;&nbsp;&nbsp;&nbsp;&nbsp;&nbsp;&nbsp;Barfuss Kollektiv, Basilea, Luzerna, Lugano, Z\u00farich.&nbsp;Solidaridad directa con Chiapas, Z\u00fcrichEncuentro Feminista Zapatista, Basel-Z\u00fcrich&nbsp;&nbsp;&nbsp;&nbsp;&nbsp;&nbsp;&nbsp;&nbsp;ALEMANIAComit\u00e9 Jineoloji EuropaGrupo B.A.S.T.A.Bloque Latinoamericano Berl\u00edn \/ Coordinaci\u00f3n delegaci\u00f3n zapatista (Berl\u00edn, Alemania)Convocatorias ciudadanasPIRATA&nbsp;Red Ya-Basta-NetzYa Basta WendlandCitizens SummonsKaffeekollektiv Aroma ZapatistaCaf\u00e9 Libertad KollektivBarfuss KollektivDINAMARCAForo Internacional, Grupo M\u00e9xico (Dinamarca)&nbsp;FRANCIAMut-Vitz 34 del ESCARGOT rojo&nbsp;&nbsp;&nbsp;&nbsp;&nbsp;&nbsp;&nbsp;&nbsp;Colectivo Par\u00eds ayotzinapaCSPCL (Par\u00eds)&nbsp;&nbsp;&nbsp;&nbsp;&nbsp;&nbsp;&nbsp;&nbsp;MutzVitz13 Marsella&nbsp;&nbsp;&nbsp;&nbsp;&nbsp;&nbsp;&nbsp;&nbsp;Union Syndicale&hellip;<\/p>\n","category_list":"","author_info":{"name":"kapis_editor_test","url":"https:\/\/viajezapatista.eu\/es\/author\/kapis_editor_test\/"},"comments_num":"0 comentarios","featured_image_urls_v2":{"full":"","thumbnail":"","medium":"","medium_large":"","large":"","1536x1536":"","2048x2048":"","hestia-blog":""},"post_excerpt_stackable_v2":"<p>RUSIACentro de apoyo a los pueblos ind\u00edgenas del norteForo Aborigen, foro de mujeres s\u00e1mi&nbsp;Pueblos ind\u00edgenas de SiberiaCooperativa Molotov&nbsp;&nbsp;AUSTRIAColectivo Kinoki AutogestiSUIZAColectivo de Ginebra por la Huelga FeministaHuelga del clima y colectivo 8 marzo para un femismo revolucionario &#8211; GinebraBoque Feminista Abya Yala&nbsp;Transfronterizas Feministas; Grupo Internacional para la Huelga en Suiza 14Junio&nbsp;Rojo en Tamboreras de Suiza&nbsp;&nbsp;&nbsp;&nbsp;&nbsp;&nbsp;&nbsp;&nbsp;Barfuss Kollektiv, Basilea, Luzerna, Lugano, Z\u00farich.&nbsp;Solidaridad directa con Chiapas, Z\u00fcrichEncuentro Feminista Zapatista, Basel-Z\u00fcrich&nbsp;&nbsp;&nbsp;&nbsp;&nbsp;&nbsp;&nbsp;&nbsp;ALEMANIAComit\u00e9 Jineoloji EuropaGrupo B.A.S.T.A.Bloque Latinoamericano Berl\u00edn \/ Coordinaci\u00f3n delegaci\u00f3n zapatista (Berl\u00edn, Alemania)Convocatorias ciudadanasPIRATA&nbsp;Red Ya-Basta-NetzYa Basta WendlandCitizens SummonsKaffeekollektiv Aroma ZapatistaCaf\u00e9 Libertad KollektivBarfuss KollektivDINAMARCAForo Internacional, Grupo M\u00e9xico (Dinamarca)&nbsp;FRANCIAMut-Vitz 34 del ESCARGOT rojo&nbsp;&nbsp;&nbsp;&nbsp;&nbsp;&nbsp;&nbsp;&nbsp;Colectivo Par\u00eds ayotzinapaCSPCL (Par\u00eds)&nbsp;&nbsp;&nbsp;&nbsp;&nbsp;&nbsp;&nbsp;&nbsp;MutzVitz13 Marsella&nbsp;&nbsp;&nbsp;&nbsp;&nbsp;&nbsp;&nbsp;&nbsp;Union Syndicale&hellip;<\/p>\n","category_list_v2":"","author_info_v2":{"name":"kapis_editor_test","url":"https:\/\/viajezapatista.eu\/es\/author\/kapis_editor_test\/"},"comments_num_v2":"0 comentarios","_links":{"self":[{"href":"https:\/\/viajezapatista.eu\/es\/wp-json\/wp\/v2\/pages\/7275"}],"collection":[{"href":"https:\/\/viajezapatista.eu\/es\/wp-json\/wp\/v2\/pages"}],"about":[{"href":"https:\/\/viajezapatista.eu\/es\/wp-json\/wp\/v2\/types\/page"}],"author":[{"embeddable":true,"href":"https:\/\/viajezapatista.eu\/es\/wp-json\/wp\/v2\/users\/3"}],"replies":[{"embeddable":true,"href":"https:\/\/viajezapatista.eu\/es\/wp-json\/wp\/v2\/comments?post=7275"}],"version-history":[{"count":0,"href":"https:\/\/viajezapatista.eu\/es\/wp-json\/wp\/v2\/pages\/7275\/revisions"}],"wp:attachment":[{"href":"https:\/\/viajezapatista.eu\/es\/wp-json\/wp\/v2\/media?parent=7275"}],"curies":[{"name":"wp","href":"https:\/\/api.w.org\/{rel}","templated":true}]}}