{"id":6190,"date":"2021-05-11T17:53:36","date_gmt":"2021-05-11T17:53:36","guid":{"rendered":"https:\/\/viajezapatista.eu\/?page_id=6190"},"modified":"2021-06-24T16:15:35","modified_gmt":"2021-06-24T16:15:35","slug":"territorios","status":"publish","type":"page","link":"https:\/\/viajezapatista.eu\/es\/territorios\/","title":{"rendered":"Territorios"},"content":{"rendered":"\n<div class=\"wp-block-themeisle-blocks-advanced-columns has-1-columns has-desktop-equal-layout has-tablet-equal-layout has-mobile-equal-layout has-default-gap has-vertical-unset\" id=\"wp-block-themeisle-blocks-advanced-columns-0a50f67d\"><div class=\"wp-block-themeisle-blocks-advanced-columns-overlay\"><\/div><div class=\"innerblocks-wrap\">\n<div class=\"wp-block-themeisle-blocks-advanced-column\" id=\"wp-block-themeisle-blocks-advanced-column-24568111\">\n<p>Transladado a la portada de viajezapatista.eu. <\/p>\n\n\n\n<p>Informaci\u00f3n y enlaces de los distintos territorios que acoger\u00e1n la <strong>#GiraZapatistaPorLaVidaYa<\/strong><br>Contacta a <em>info@viajezapatista.eu<\/em> desde tu territorio oficial para a\u00f1adir informaci\u00f3n relevante.<\/p>\n<\/div>\n<\/div><\/div>\n\n\n\n<p><\/p>\n","protected":false},"excerpt":{"rendered":"","protected":false},"author":10,"featured_media":0,"parent":0,"menu_order":0,"comment_status":"closed","ping_status":"closed","template":"","meta":[],"featured_image_urls":{"full":"","thumbnail":"","medium":"","medium_large":"","large":"","1536x1536":"","2048x2048":"","hestia-blog":""},"post_excerpt_stackable":"<p>Transladado a la portada de viajezapatista.eu. Informaci\u00f3n y enlaces de los distintos territorios que acoger\u00e1n la #GiraZapatistaPorLaVidaYaContacta a info@viajezapatista.eu desde tu territorio oficial para a\u00f1adir informaci\u00f3n relevante.<\/p>\n","category_list":"","author_info":{"name":"viajera madrile\u00f1a","url":"https:\/\/viajezapatista.eu\/es\/author\/r-barra-annibale\/"},"comments_num":"0 comentarios","featured_image_urls_v2":{"full":"","thumbnail":"","medium":"","medium_large":"","large":"","1536x1536":"","2048x2048":"","hestia-blog":""},"post_excerpt_stackable_v2":"<p>Transladado a la portada de viajezapatista.eu. Informaci\u00f3n y enlaces de los distintos territorios que acoger\u00e1n la #GiraZapatistaPorLaVidaYaContacta a info@viajezapatista.eu desde tu territorio oficial para a\u00f1adir informaci\u00f3n relevante.<\/p>\n","category_list_v2":"","author_info_v2":{"name":"viajera madrile\u00f1a","url":"https:\/\/viajezapatista.eu\/es\/author\/r-barra-annibale\/"},"comments_num_v2":"0 comentarios","_links":{"self":[{"href":"https:\/\/viajezapatista.eu\/es\/wp-json\/wp\/v2\/pages\/6190"}],"collection":[{"href":"https:\/\/viajezapatista.eu\/es\/wp-json\/wp\/v2\/pages"}],"about":[{"href":"https:\/\/viajezapatista.eu\/es\/wp-json\/wp\/v2\/types\/page"}],"author":[{"embeddable":true,"href":"https:\/\/viajezapatista.eu\/es\/wp-json\/wp\/v2\/users\/10"}],"replies":[{"embeddable":true,"href":"https:\/\/viajezapatista.eu\/es\/wp-json\/wp\/v2\/comments?post=6190"}],"version-history":[{"count":52,"href":"https:\/\/viajezapatista.eu\/es\/wp-json\/wp\/v2\/pages\/6190\/revisions"}],"predecessor-version":[{"id":7830,"href":"https:\/\/viajezapatista.eu\/es\/wp-json\/wp\/v2\/pages\/6190\/revisions\/7830"}],"wp:attachment":[{"href":"https:\/\/viajezapatista.eu\/es\/wp-json\/wp\/v2\/media?parent=6190"}],"curies":[{"name":"wp","href":"https:\/\/api.w.org\/{rel}","templated":true}]}}