{"id":2,"date":"2020-12-28T11:29:51","date_gmt":"2020-12-28T11:29:51","guid":{"rendered":"http:\/\/zapatistas.eu\/?page_id=2"},"modified":"2021-01-01T22:53:43","modified_gmt":"2021-01-01T22:53:43","slug":"acerca-de","status":"publish","type":"page","link":"https:\/\/viajezapatista.eu\/es\/acerca-de\/","title":{"rendered":"Acerca de&#8230;"},"content":{"rendered":"\n<div class=\"wp-block-columns\">\n<div class=\"wp-block-column\" style=\"flex-basis:100%\">\n<div class=\"wp-block-cover aligncenter has-background-dim-60 has-background-dim\" style=\"background-image:url(https:\/\/viajezapatista.eu\/wp-content\/uploads\/2020\/12\/olasEZLN-300x189.jpg)\"><div class=\"wp-block-cover__inner-container\">\n<p class=\"has-text-align-center has-large-font-size\">\u00a1Bienvenidxs!<\/p>\n\n\n\n<p><strong>Esta es la p\u00e1gina oficial de la Coordinaci\u00f3n Europea para el \u00abViaje por la vida\u00bb, en la que una gran delegaci\u00f3n zapatista recorrer\u00e1 la otra Europa con el objetivo de apoyar\/encontrarse con las luchas abajo y a la izquierda. Este viaje lo estamos\/est\u00e1 siendo coordinado por much@s colectiv@s y personas en toda Europa y M\u00e9xico. \u00a1MUCH@S!<\/strong><\/p>\n<\/div><\/div>\n<\/div>\n<\/div>\n\n\n\n<p class=\"has-white-background-color has-background\">Hemos creado esta p\u00e1gina web para difundir los comunicados del EZLN, comunicar sobre los preparativos de este viaje, las convocatorias desde distintas geograf\u00edas, etc.. los progresos que vamos realizando y los llamamientos a los que pediremos adhesi\u00f3n. Tiene adem\u00e1s como finalidad ser una plataforma en la que pod\u00e1is proponer, uniros o colaborar con este viaje.<br><br>Lxs compa\u00f1erxs vienen a conocernos, apoyarnos y acompa\u00f1arnos en nuestros territorios para poder darle un empuj\u00f3n a las luchas abajo y a la izquierda. Primero en Europa, despu\u00e9s, en el globo entero.<br><br>Presten atenci\u00f3n, y podr\u00e1n escuchar, como el suelo retiembla bajo sus pies.<\/p>\n\n\n\n<blockquote class=\"wp-block-quote has-text-align-center\"><p>EZLN: \u00ab\u00c9sa es nuestra misi\u00f3n: ser semilla que busca otras semillas\u201d<\/p><\/blockquote>\n\n\n\n<p><img loading=\"lazy\" width=\"1200\" height=\"675\" class=\"wp-image-463\" style=\"width: 1024px;\" src=\"https:\/\/viajezapatista.eu\/wp-content\/uploads\/2020\/12\/selva-lacandona-1200x675-1.jpeg\" alt=\"\" srcset=\"https:\/\/viajezapatista.eu\/wp-content\/uploads\/2020\/12\/selva-lacandona-1200x675-1.jpeg 1200w, https:\/\/viajezapatista.eu\/wp-content\/uploads\/2020\/12\/selva-lacandona-1200x675-1-300x169.jpeg 300w, https:\/\/viajezapatista.eu\/wp-content\/uploads\/2020\/12\/selva-lacandona-1200x675-1-1024x576.jpeg 1024w, https:\/\/viajezapatista.eu\/wp-content\/uploads\/2020\/12\/selva-lacandona-1200x675-1-768x432.jpeg 768w\" sizes=\"(max-width: 1200px) 100vw, 1200px\" \/><\/p>\n\n\n\n<p class=\"has-white-background-color has-background\"><br><\/p>\n\n\n\n<p class=\"has-white-background-color has-background\"><\/p>\n\n\n\n<p><br><\/p>\n","protected":false},"excerpt":{"rendered":"<p>Hemos creado esta p\u00e1gina web para difundir los comunicados del EZLN, comunicar sobre los preparativos de este viaje, las convocatorias desde distintas geograf\u00edas, etc.. los progresos que vamos realizando y los llamamientos a los que pediremos adhesi\u00f3n. Tiene adem\u00e1s como finalidad ser una plataforma en la que pod\u00e1is proponer, uniros [&hellip;]<\/p>\n","protected":false},"author":2,"featured_media":0,"parent":0,"menu_order":0,"comment_status":"closed","ping_status":"open","template":"","meta":[],"featured_image_urls":{"full":"","thumbnail":"","medium":"","medium_large":"","large":"","1536x1536":"","2048x2048":"","hestia-blog":""},"post_excerpt_stackable":"<p>\u00a1Bienvenidxs! Esta es la p\u00e1gina oficial de la Coordinaci\u00f3n Europea para el \u00abViaje por la vida\u00bb, en la que una gran delegaci\u00f3n zapatista recorrer\u00e1 la otra Europa con el objetivo de apoyar\/encontrarse con las luchas abajo y a la izquierda. Este viaje lo estamos\/est\u00e1 siendo coordinado por much@s colectiv@s y personas en toda Europa y M\u00e9xico. \u00a1MUCH@S! Hemos creado esta p\u00e1gina web para difundir los comunicados del EZLN, comunicar sobre los preparativos de este viaje, las convocatorias desde distintas geograf\u00edas, etc.. los progresos que vamos realizando y los llamamientos a los que pediremos adhesi\u00f3n. Tiene adem\u00e1s como finalidad ser una&hellip;<\/p>\n","category_list":"","author_info":{"name":"viajerx","url":"https:\/\/viajezapatista.eu\/es\/author\/viajero\/"},"comments_num":"0 comentarios","featured_image_urls_v2":{"full":"","thumbnail":"","medium":"","medium_large":"","large":"","1536x1536":"","2048x2048":"","hestia-blog":""},"post_excerpt_stackable_v2":"<p>\u00a1Bienvenidxs! Esta es la p\u00e1gina oficial de la Coordinaci\u00f3n Europea para el \u00abViaje por la vida\u00bb, en la que una gran delegaci\u00f3n zapatista recorrer\u00e1 la otra Europa con el objetivo de apoyar\/encontrarse con las luchas abajo y a la izquierda. Este viaje lo estamos\/est\u00e1 siendo coordinado por much@s colectiv@s y personas en toda Europa y M\u00e9xico. \u00a1MUCH@S! Hemos creado esta p\u00e1gina web para difundir los comunicados del EZLN, comunicar sobre los preparativos de este viaje, las convocatorias desde distintas geograf\u00edas, etc.. los progresos que vamos realizando y los llamamientos a los que pediremos adhesi\u00f3n. Tiene adem\u00e1s como finalidad ser una&hellip;<\/p>\n","category_list_v2":"","author_info_v2":{"name":"viajerx","url":"https:\/\/viajezapatista.eu\/es\/author\/viajero\/"},"comments_num_v2":"0 comentarios","_links":{"self":[{"href":"https:\/\/viajezapatista.eu\/es\/wp-json\/wp\/v2\/pages\/2"}],"collection":[{"href":"https:\/\/viajezapatista.eu\/es\/wp-json\/wp\/v2\/pages"}],"about":[{"href":"https:\/\/viajezapatista.eu\/es\/wp-json\/wp\/v2\/types\/page"}],"author":[{"embeddable":true,"href":"https:\/\/viajezapatista.eu\/es\/wp-json\/wp\/v2\/users\/2"}],"replies":[{"embeddable":true,"href":"https:\/\/viajezapatista.eu\/es\/wp-json\/wp\/v2\/comments?post=2"}],"version-history":[{"count":11,"href":"https:\/\/viajezapatista.eu\/es\/wp-json\/wp\/v2\/pages\/2\/revisions"}],"predecessor-version":[{"id":747,"href":"https:\/\/viajezapatista.eu\/es\/wp-json\/wp\/v2\/pages\/2\/revisions\/747"}],"wp:attachment":[{"href":"https:\/\/viajezapatista.eu\/es\/wp-json\/wp\/v2\/media?parent=2"}],"curies":[{"name":"wp","href":"https:\/\/api.w.org\/{rel}","templated":true}]}}