{"id":1386,"date":"2020-12-28T11:29:51","date_gmt":"2020-12-28T11:29:51","guid":{"rendered":"https:\/\/viajezapatista.eu\/acerca-de\/"},"modified":"2021-03-17T18:44:58","modified_gmt":"2021-03-17T18:44:58","slug":"acerca-de","status":"publish","type":"page","link":"https:\/\/viajezapatista.eu\/de\/acerca-de\/","title":{"rendered":"Acerca de&#8230;"},"content":{"rendered":"\n<div class=\"wp-block-columns\">\n<div class=\"wp-block-column\" style=\"flex-basis:100%\">\n<div class=\"wp-block-cover aligncenter has-background-dim-60 has-background-dim\"><img loading=\"lazy\" width=\"300\" height=\"189\" class=\"wp-block-cover__image-background wp-image-525\" alt=\"\" src=\"https:\/\/viajezapatista.eu\/wp-content\/uploads\/2020\/12\/olasEZLN-300x189.jpg\" data-object-fit=\"cover\" srcset=\"https:\/\/viajezapatista.eu\/wp-content\/uploads\/2020\/12\/olasEZLN-300x189.jpg 300w, https:\/\/viajezapatista.eu\/wp-content\/uploads\/2020\/12\/olasEZLN-1024x646.jpg 1024w, https:\/\/viajezapatista.eu\/wp-content\/uploads\/2020\/12\/olasEZLN-768x485.jpg 768w, https:\/\/viajezapatista.eu\/wp-content\/uploads\/2020\/12\/olasEZLN-1536x969.jpg 1536w, https:\/\/viajezapatista.eu\/wp-content\/uploads\/2020\/12\/olasEZLN-2048x1292.jpg 2048w\" sizes=\"(max-width: 300px) 100vw, 300px\" \/><div class=\"wp-block-cover__inner-container\">\n<p class=\"has-text-align-center has-large-font-size\">Herzlich willkommen alle!<\/p>\n\n\n\n<p><br><strong>Dies ist die Webseite der Europ\u00e4ischen Koordinierung f\u00fcr die \u201eReise f\u00fcr das Leben\u201c, auf der eine gro\u00dfe zapatistische Delegation in das andere Europa reisen wird, um die K\u00e4mpfe von unten und links zu unterst\u00fctzen \/ sich auszutauschen. Diese Reise wird von vielen Kollektiven und Menschen aus ganz Europa und Mexiko koordiniert.<\/strong><\/p>\n<\/div><\/div>\n\n\n\n<p>Wir haben diese Website erstellt, um die Kommuniqu\u00e9s der EZLN zug\u00e4nglich zu machen, und um \u00fcber die Vorbereitungen dieser Reise und die Aufrufe, Einladungen usw, die es aus verschiedenen Geografien gibt, zu informieren. Wir werden hier auch den Stand der Dinge und die Fortschritte in der Planung der Reise sowie die Aufrufe ver\u00f6ffentlichen, denen wir euch bitten euch anzuschlie\u00dfen. Au\u00dferdem soll es eine Plattform werden, auf der ihr Dinge vorschlagen, euch zusammentun oder einfach die Reise unterst\u00fctzen k\u00f6nnt.<\/p>\n\n\n\n<p>Die compas kommen aus Chiapas zu uns, um uns kennenzulernen, uns zu unterst\u00fctzen und uns an unseren Orten zu begleiten, um uns und den K\u00e4mpfen von Unten und Links einen kr\u00e4ftigen Anschubser zu geben. Zuerst in Europa, dann auf dem gesamten Planeten.<\/p>\n\n\n\n<p>Passt gut auf, dann werdet ihr h\u00f6ren k\u00f6nnen, wie der Boden unter euren F\u00fc\u00dfen bebt.<\/p>\n<\/div>\n<\/div>\n\n\n\n<blockquote class=\"wp-block-quote has-text-align-right\"><p>EZLN: \u00ab\u00c9sa es nuestra misi\u00f3n: ser semilla que busca otras semillas\u201d<\/p><\/blockquote>\n\n\n\n<figure class=\"wp-block-image size-large\"><img src=\"https:\/\/viajezapatista.eu\/wp-content\/uploads\/2020\/12\/selva-lacandona-1200x675-1.jpeg\" alt=\"\" class=\"wp-image-894\"\/><\/figure>\n","protected":false},"excerpt":{"rendered":"<p>Wir haben diese Website erstellt, um die Kommuniqu\u00e9s der EZLN zug\u00e4nglich zu machen, und um \u00fcber die Vorbereitungen dieser Reise und die Aufrufe, Einladungen usw, die es aus verschiedenen Geografien gibt, zu informieren. Wir werden hier auch den Stand der Dinge und die Fortschritte in der Planung der Reise sowie [&hellip;]<\/p>\n","protected":false},"author":2,"featured_media":0,"parent":0,"menu_order":0,"comment_status":"closed","ping_status":"open","template":"","meta":[],"featured_image_urls":{"full":"","thumbnail":"","medium":"","medium_large":"","large":"","1536x1536":"","2048x2048":"","hestia-blog":""},"post_excerpt_stackable":"<p>Herzlich willkommen alle! Dies ist die Webseite der Europ\u00e4ischen Koordinierung f\u00fcr die \u201eReise f\u00fcr das Leben\u201c, auf der eine gro\u00dfe zapatistische Delegation in das andere Europa reisen wird, um die K\u00e4mpfe von unten und links zu unterst\u00fctzen \/ sich auszutauschen. Diese Reise wird von vielen Kollektiven und Menschen aus ganz Europa und Mexiko koordiniert. Wir haben diese Website erstellt, um die Kommuniqu\u00e9s der EZLN zug\u00e4nglich zu machen, und um \u00fcber die Vorbereitungen dieser Reise und die Aufrufe, Einladungen usw, die es aus verschiedenen Geografien gibt, zu informieren. Wir werden hier auch den Stand der Dinge und die Fortschritte in der&hellip;<\/p>\n","category_list":"","author_info":{"name":"viajerx","url":"https:\/\/viajezapatista.eu\/de\/author\/viajero\/"},"comments_num":"0 comments","featured_image_urls_v2":{"full":"","thumbnail":"","medium":"","medium_large":"","large":"","1536x1536":"","2048x2048":"","hestia-blog":""},"post_excerpt_stackable_v2":"<p>Herzlich willkommen alle! Dies ist die Webseite der Europ\u00e4ischen Koordinierung f\u00fcr die \u201eReise f\u00fcr das Leben\u201c, auf der eine gro\u00dfe zapatistische Delegation in das andere Europa reisen wird, um die K\u00e4mpfe von unten und links zu unterst\u00fctzen \/ sich auszutauschen. Diese Reise wird von vielen Kollektiven und Menschen aus ganz Europa und Mexiko koordiniert. Wir haben diese Website erstellt, um die Kommuniqu\u00e9s der EZLN zug\u00e4nglich zu machen, und um \u00fcber die Vorbereitungen dieser Reise und die Aufrufe, Einladungen usw, die es aus verschiedenen Geografien gibt, zu informieren. Wir werden hier auch den Stand der Dinge und die Fortschritte in der&hellip;<\/p>\n","category_list_v2":"","author_info_v2":{"name":"viajerx","url":"https:\/\/viajezapatista.eu\/de\/author\/viajero\/"},"comments_num_v2":"0 comments","_links":{"self":[{"href":"https:\/\/viajezapatista.eu\/de\/wp-json\/wp\/v2\/pages\/1386"}],"collection":[{"href":"https:\/\/viajezapatista.eu\/de\/wp-json\/wp\/v2\/pages"}],"about":[{"href":"https:\/\/viajezapatista.eu\/de\/wp-json\/wp\/v2\/types\/page"}],"author":[{"embeddable":true,"href":"https:\/\/viajezapatista.eu\/de\/wp-json\/wp\/v2\/users\/2"}],"replies":[{"embeddable":true,"href":"https:\/\/viajezapatista.eu\/de\/wp-json\/wp\/v2\/comments?post=1386"}],"version-history":[{"count":3,"href":"https:\/\/viajezapatista.eu\/de\/wp-json\/wp\/v2\/pages\/1386\/revisions"}],"predecessor-version":[{"id":1401,"href":"https:\/\/viajezapatista.eu\/de\/wp-json\/wp\/v2\/pages\/1386\/revisions\/1401"}],"wp:attachment":[{"href":"https:\/\/viajezapatista.eu\/de\/wp-json\/wp\/v2\/media?parent=1386"}],"curies":[{"name":"wp","href":"https:\/\/api.w.org\/{rel}","templated":true}]}}