{"id":2498,"date":"2021-03-17T18:25:12","date_gmt":"2021-03-17T18:25:12","guid":{"rendered":"https:\/\/viajezapatista.eu\/contribuciones\/"},"modified":"2021-12-14T12:04:38","modified_gmt":"2021-12-14T12:04:38","slug":"prispevky","status":"publish","type":"page","link":"https:\/\/viajezapatista.eu\/cs\/prispevky\/","title":{"rendered":"P\u0159\u00edsp\u011bvky"},"content":{"rendered":"\n<div class=\"wp-block-themeisle-blocks-advanced-columns has-1-columns has-desktop-equal-layout has-tablet-equal-layout has-mobile-equal-layout has-default-gap has-vertical-unset\" id=\"wp-block-themeisle-blocks-advanced-columns-a18668f6\"><div class=\"wp-block-themeisle-blocks-advanced-columns-overlay\"><\/div><div class=\"innerblocks-wrap\">\n<div class=\"wp-block-themeisle-blocks-advanced-column\" id=\"wp-block-themeisle-blocks-advanced-column-878574e6\">\n<p>Zapatistick\u00e1 delegace pl\u00e1nuje cestu do Evropy a my, evropsk\u00e9 kolektivy, se organizujeme, abychom ji p\u0159ijali.<\/p>\n\n\n\n<p>Chce\u0161 n\u00e1s podpo\u0159it?<\/p>\n\n\n\n<p>Evropsk\u00e9 kolektivy a organizace p\u0159ij\u00edmaj\u00ed p\u0159\u00edsp\u011bvky. Chce\u0161-li p\u0159isp\u011bt, vypl\u0148 n\u00e1sleduj\u00edc\u00ed formul\u00e1\u0159:<\/p>\n\n\n\n<div role=\"form\" class=\"wpcf7\" id=\"wpcf7-f2505-o1\" lang=\"en-US\" dir=\"ltr\">\n<div class=\"screen-reader-response\"><p role=\"status\" aria-live=\"polite\" aria-atomic=\"true\"><\/p> <ul><\/ul><\/div>\n<form action=\"\/cs\/wp-json\/wp\/v2\/pages\/2498#wpcf7-f2505-o1\" method=\"post\" class=\"wpcf7-form init\" novalidate=\"novalidate\" data-status=\"init\">\n<div style=\"display: none;\">\n<input type=\"hidden\" name=\"_wpcf7\" value=\"2505\" \/>\n<input type=\"hidden\" name=\"_wpcf7_version\" value=\"5.5.6\" \/>\n<input type=\"hidden\" name=\"_wpcf7_locale\" value=\"en_US\" \/>\n<input type=\"hidden\" name=\"_wpcf7_unit_tag\" value=\"wpcf7-f2505-o1\" \/>\n<input type=\"hidden\" name=\"_wpcf7_container_post\" value=\"0\" \/>\n<input type=\"hidden\" name=\"_wpcf7_posted_data_hash\" value=\"\" \/>\n<\/div>\n<p><label> Jm\u00e9no<br \/>\n    <span class=\"wpcf7-form-control-wrap your-name\"><input type=\"text\" name=\"your-name\" value=\"\" size=\"40\" class=\"wpcf7-form-control wpcf7-text\" aria-invalid=\"false\" \/><\/span> <\/label><\/p>\n<p><label> E-mail<br \/>\n    <span class=\"wpcf7-form-control-wrap your-email\"><input type=\"email\" name=\"your-email\" value=\"\" size=\"40\" class=\"wpcf7-form-control wpcf7-text wpcf7-email wpcf7-validates-as-required wpcf7-validates-as-email\" aria-required=\"true\" aria-invalid=\"false\" \/><\/span> <\/label><\/p>\n<p><span id=\"wpcf7-69d360e5de44d-wrapper\" class=\"wpcf7-form-control-wrap email-required-wrap\" style=\"display:none !important; visibility:hidden !important;\"><label for=\"wpcf7-69d360e5de44d-field\" class=\"hp-message\">Ponechte toto pole pr\u00e1zdn\u00e9.<\/label><input id=\"wpcf7-69d360e5de44d-field\"  class=\"wpcf7-form-control wpcf7-text\" type=\"text\" name=\"email-required\" value=\"\" size=\"40\" tabindex=\"-1\" autocomplete=\"new-password\" \/><\/span><\/p>\n<p><input type=\"submit\" value=\"Poslat\" class=\"wpcf7-form-control has-spinner wpcf7-submit\" \/><\/p>\n<div class=\"wpcf7-response-output\" aria-hidden=\"true\"><\/div><\/form><\/div>\n<\/div>\n<\/div><\/div>\n","protected":false},"excerpt":{"rendered":"","protected":false},"author":3,"featured_media":0,"parent":0,"menu_order":0,"comment_status":"closed","ping_status":"closed","template":"","meta":[],"featured_image_urls":{"full":"","thumbnail":"","medium":"","medium_large":"","large":"","1536x1536":"","2048x2048":"","hestia-blog":""},"post_excerpt_stackable":"<p>Zapatistick\u00e1 delegace pl\u00e1nuje cestu do Evropy a my, evropsk\u00e9 kolektivy, se organizujeme, abychom ji p\u0159ijali. Chce\u0161 n\u00e1s podpo\u0159it? Evropsk\u00e9 kolektivy a organizace p\u0159ij\u00edmaj\u00ed p\u0159\u00edsp\u011bvky. Chce\u0161-li p\u0159isp\u011bt, vypl\u0148 n\u00e1sleduj\u00edc\u00ed formul\u00e1\u0159: Jm\u00e9no E-mail Ponechte toto pole pr\u00e1zdn\u00e9.<\/p>\n","category_list":"","author_info":{"name":"kapis_editor_test","url":"https:\/\/viajezapatista.eu\/cs\/author\/kapis_editor_test\/"},"comments_num":"0 comments","featured_image_urls_v2":{"full":"","thumbnail":"","medium":"","medium_large":"","large":"","1536x1536":"","2048x2048":"","hestia-blog":""},"post_excerpt_stackable_v2":"<p>Zapatistick\u00e1 delegace pl\u00e1nuje cestu do Evropy a my, evropsk\u00e9 kolektivy, se organizujeme, abychom ji p\u0159ijali. Chce\u0161 n\u00e1s podpo\u0159it? Evropsk\u00e9 kolektivy a organizace p\u0159ij\u00edmaj\u00ed p\u0159\u00edsp\u011bvky. Chce\u0161-li p\u0159isp\u011bt, vypl\u0148 n\u00e1sleduj\u00edc\u00ed formul\u00e1\u0159: Jm\u00e9no E-mail Ponechte toto pole pr\u00e1zdn\u00e9.<\/p>\n","category_list_v2":"","author_info_v2":{"name":"kapis_editor_test","url":"https:\/\/viajezapatista.eu\/cs\/author\/kapis_editor_test\/"},"comments_num_v2":"0 comments","_links":{"self":[{"href":"https:\/\/viajezapatista.eu\/cs\/wp-json\/wp\/v2\/pages\/2498"}],"collection":[{"href":"https:\/\/viajezapatista.eu\/cs\/wp-json\/wp\/v2\/pages"}],"about":[{"href":"https:\/\/viajezapatista.eu\/cs\/wp-json\/wp\/v2\/types\/page"}],"author":[{"embeddable":true,"href":"https:\/\/viajezapatista.eu\/cs\/wp-json\/wp\/v2\/users\/3"}],"replies":[{"embeddable":true,"href":"https:\/\/viajezapatista.eu\/cs\/wp-json\/wp\/v2\/comments?post=2498"}],"version-history":[{"count":3,"href":"https:\/\/viajezapatista.eu\/cs\/wp-json\/wp\/v2\/pages\/2498\/revisions"}],"predecessor-version":[{"id":8656,"href":"https:\/\/viajezapatista.eu\/cs\/wp-json\/wp\/v2\/pages\/2498\/revisions\/8656"}],"wp:attachment":[{"href":"https:\/\/viajezapatista.eu\/cs\/wp-json\/wp\/v2\/media?parent=2498"}],"curies":[{"name":"wp","href":"https:\/\/api.w.org\/{rel}","templated":true}]}}